{"id":19644,"date":"2024-07-23T14:04:19","date_gmt":"2024-07-23T12:04:19","guid":{"rendered":"https:\/\/swiateczna-kraina.pl\/?page_id=19644"},"modified":"2025-10-30T10:15:33","modified_gmt":"2025-10-30T09:15:33","slug":"refund_returns-2","status":"publish","type":"page","link":"https:\/\/swiateczna-kraina.pl\/?page_id=19644","title":{"rendered":"Regulamin"},"content":{"rendered":"\r\n\r\n\r\n<h3>Regulamin<\/h3>\r\n<p>&nbsp;<\/p>\r\n<p><strong>CENNIK BILET\u00d3W WST\u0118PU DO PARKU ROZRYWIKI \u015aWI\u0104TECZNA KRAINA W \u0141ubowie<\/strong><\/p>\r\n<p><strong>\u00a0<\/strong><\/p>\r\n<p><strong>Grupy zorganizowane (od poniedzia\u0142ku do pi\u0105tku w terminie 24.11 \u2013 19.12.2025r.)<\/strong><\/p>\r\n<p>&nbsp;<\/p>\r\n<ul>\r\n<li>Grupy 31-50 uczestnik\u00f3w 69 z\u0142 \/ osob\u0119.<\/li>\r\n<li>Grupy 21-30 uczestnik\u00f3w 79 z\u0142 \/ osob\u0119.<\/li>\r\n<li>Grupy do 20 uczestnik\u00f3w 1600 z\u0142 \/ grup\u0119.<\/li>\r\n<li>1 opiekun \/ 10 uczestnik\u00f3w gratis.<\/li>\r\n<\/ul>\r\n<p>&nbsp;<\/p>\r\n<p><strong>Rabaty:<\/strong><\/p>\r\n<p><strong>\u00a0<\/strong><\/p>\r\n<ul>\r\n<li>Codziennie na godzin\u0119 13.00 \u2013 5 z\u0142 rabatu\/dziecko<\/li>\r\n<li>Codziennie na godzin\u0119 14.00 \u2013 10 z\u0142 rabatu\/dziecko<\/li>\r\n<\/ul>\r\n<p>&nbsp;<\/p>\r\n<p>Cena obejmuje realizacj\u0119 programu \u015awi\u0105tecznej Krainy (oko\u0142o 2 godziny 30 minut) wst\u0119p na wymienione w programie atrakcje \u015awi\u0105tecznej Krainy, elfa \u2013 przewodnika, spotkanie z Miko\u0142ajem, ozdoby wykonane w\u0142asnor\u0119cznie podczas warsztat\u00f3w, czapeczk\u0119 Miko\u0142aja oraz dyplom.<\/p>\r\n<p><strong>\u00a0<\/strong><\/p>\r\n<p><strong>Warunki zakupu bilet\u00f3w:<\/strong><\/p>\r\n<p><strong>\u00a0<\/strong><\/p>\r\n<ul>\r\n<li>Ostatecznym potwierdzeniem rezerwacji jest wp\u0142ata zaliczki w wysoko\u015bci 20 z\u0142 \/ uczestnik w terminie wyznaczonym w umowie<\/li>\r\n<li>Rozliczana jest ilo\u015b\u0107 uczestnik\u00f3w obecnych na wycieczce. Osoby zg\u0142oszone, nieobecne w ramach zap\u0142aconej zaliczki otrzymaj\u0105 \u201eelfi pakiet warsztatowy\u201d.<\/li>\r\n<\/ul>\r\n<p>&nbsp;<\/p>\r\n<p><strong>Cennik SNOWTUBING dla grup<\/strong><\/p>\r\n<p><strong>\u00a0<\/strong><\/p>\r\n<ul>\r\n<li>Do 30 minut \u2013 15 z\u0142 \/ dziecko<\/li>\r\n<li>Do 60 minut \u2013 25 z\u0142 \/ dziecko<\/li>\r\n<\/ul>\r\n<p><strong>\u00a0<\/strong><\/p>\r\n<p><strong>Istnieje mo\u017cliwo\u015b\u0107 zam\u00f3wienia posi\u0142k\u00f3w (najp\u00f3\u017aniej 7 dni przed wizyt\u0105):<\/strong><\/p>\r\n<p><strong>\u00a0<\/strong><\/p>\r\n<p><strong>Napoje:<\/strong><\/p>\r\n<ul>\r\n<li>Herbata, kakao \u2013 4 z\u0142<\/li>\r\n<li>Gor\u0105ca czekolada \u2013 6 z\u0142<\/li>\r\n<\/ul>\r\n<p><strong>\u00a0<\/strong><\/p>\r\n<p><strong>Dania na s\u0142odko:<\/strong><\/p>\r\n<ul>\r\n<li>2x nale\u015bnik z herbat\u0105 &#8211; 12 z\u0142<\/li>\r\n<li>Piernik z herbat\u0105 &#8211; 12 z\u0142<\/li>\r\n<li>Muffinka z gor\u0105c\u0105 czekolad\u0105 \u2013 12 z\u0142<\/li>\r\n<\/ul>\r\n<p>&nbsp;<\/p>\r\n<p><strong>Dania na ciep\u0142o:<\/strong><\/p>\r\n<ul>\r\n<li>Zupa pomidorowa \u2013 10 z\u0142<\/li>\r\n<li>Nuggetsy z frytkami \u2013 15 z\u0142<\/li>\r\n<li>Frytki \u2013 9 z\u0142<\/li>\r\n<li>Mini Hamburger z frytkami \u2013 15 z\u0142<\/li>\r\n<\/ul>\r\n<p><strong>PROGRAM \u015aWI\u0104TECZNEJ KRAINY<\/strong><\/p>\r\n<p><strong>\u00a0<\/strong><\/p>\r\n<p>\u015awi\u0119ty Miko\u0142aj ju\u017c od dawna marzy\u0142 o tym, \u017ceby sp\u0119dza\u0107 wi\u0119cej czasu z dzie\u0107mi z\u00a0r\u00f3\u017cnych zak\u0105tk\u00f3w \u015bwiata. Jego sprytne elfy d\u0142ugo nie musia\u0142y my\u015ble\u0107 i wpad\u0142y na genialny pomys\u0142 za\u0142o\u017cenia pozamiejscowego oddzia\u0142u, w kt\u00f3rym Miko\u0142aj b\u0119dzie m\u00f3g\u0142 spotyka\u0107 si\u0119 ze swoimi ulubie\u0144cami przed Wigili\u0105 Bo\u017cego Narodzenia. Tak w\u0142a\u015bnie powsta\u0142a \u015awi\u0105teczna Kraina, miejsce wyj\u0105tkowe, magiczne, stworzone specjalnie dla dzieci.<\/p>\r\n<p>Nasze elfiki pomy\u015bla\u0142y te\u017c o ciekawych atrakcjach dla dzieci odwiedzaj\u0105cych \u015awi\u0105teczn\u0105 Krain\u0119.<\/p>\r\n<p>Tym razem na milusi\u0144skich czekaj\u0105 mi\u0119dzy innymi:<\/p>\r\n<ul>\r\n<li>Szopka Bo\u017conarodzeniowa \u2013 zobacz gdzie urodzi\u0142 si\u0119 Jezusek i kto mu towarzyszy\u0142.<\/li>\r\n<li>Sala Zabaw \u2013 czeka nas zabawa na dmuchanym zamku i harce z elfikami. To ulubiona sala wszystkich spragnionych rado\u015bci dzieci<\/li>\r\n<li>Warsztaty &#8211; Podczas warsztat\u00f3w wykonamy \u015bwi\u0105teczne stroiki z pachn\u0105cymi ozdobami. Z pewno\u015bci\u0105 ta ozdoba wprowadzi w Waszych domach \u015bwi\u0105teczny nastr\u00f3j.<\/li>\r\n<li>Sala Tradycji &#8211; Do kt\u00f3rej dostaniemy si\u0119 labiryntem czasu, tutaj nawet doro\u015bli poczuj\u0105 si\u0119 jak malutkie dzieci.<\/li>\r\n<li>\u015awi\u0105teczne kino i jarmark &#8211; Podczas przerwy na \u015bniadanko obejrzymy miko\u0142ajow\u0105 bajk\u0119 i b\u0119dziemy mogli zrobi\u0107 zakupy na jarmarku<\/li>\r\n<li>I oczywi\u015bcie najwa\u017cniejszy punkt programu \u2013 pok\u00f3j \u015awi\u0119tego Miko\u0142aja &#8211; Tutaj dzieci pozb\u0119d\u0105 si\u0119 swoich ma\u0142ych grzeszk\u00f3w, b\u0119d\u0105 mog\u0142y wypowiedzie\u0107 swoje \u017cyczenia i usi\u0105\u015b\u0107 na kolano u samego \u015awi\u0119tego Miko\u0142aja<\/li>\r\n<\/ul>\r\n<p>Program trwa oko\u0142o 2 godziny 30 minut.<\/p>\r\n<p>Ofert\u0119 kierujemy przede wszystkim do szk\u00f3\u0142 podstawowych i przedszkoli, ale zach\u0119camy r\u00f3wnie\u017c inne instytucje do udzia\u0142u w\u00a0zabawie.<\/p>\r\n<p><strong>Ze wzgl\u0119du na specyfik\u0119 zaj\u0119\u0107 oraz ograniczon\u0105 ilo\u015b\u0107 miejsca w budynkach i namiotach nie ma mo\u017cliwo\u015bci przed\u0142u\u017cenia programu, poszczeg\u00f3lnych zaj\u0119\u0107, ani spo\u017cywania posi\u0142k\u00f3w po zako\u0144czeniu programu \u015awi\u0105tecznej Krainy.<\/strong><\/p>\r\n<p><strong>\u00a0<\/strong><\/p>\r\n<p>&nbsp;<\/p>\r\n<p>&nbsp;<\/p>\r\n<p><strong>\u00a0<\/strong><\/p>\r\n<p><strong>REGULAMIN DLA GO\u015aCI <br \/>PARKU ROZRYWIKI \u015aWI\u0104TECZNA KRAINA W \u0141UBOWIE<\/strong><\/p>\r\n<ol>\r\n<li>Wszystkie osoby wchodz\u0105ce na teren Parku Rozrywki \u015awi\u0105teczna Kraina w \u0141ubowie \u2013 dalej zwany Parkiem Rozrywki \u2013 maj\u0105 obowi\u0105zek zapozna\u0107 si\u0119 z niniejszym regulaminem przed wej\u015bciem i przestrzega\u0107 jego postanowie\u0144.<\/li>\r\n<li>Prawo wst\u0119pu do Parku Rozrywki \u2013 w dniach i godzinach jego otwarcia \u2013 maj\u0105 osoby, w imieniu kt\u00f3rych dokonano stosownej rezerwacji i wp\u0142acono zaliczk\u0119. R\u00f3\u017cnic\u0119 kwot pomi\u0119dzy zaliczk\u0105, a cen\u0105 liczon\u0105 od ostatecznej liczby uczestnik\u00f3w, nale\u017cy ui\u015bci\u0107 w Kasie. \u00a0<\/li>\r\n<li>Wst\u0119p dla klient\u00f3w indywidualnych mo\u017cliwy jest tylko w terminach wskazanych przez Park Rozrywki \u015awi\u0105teczna Kraina w \u0141ubowie.<\/li>\r\n<li>Na terenie Parku Rozrywki nale\u017cy porusza\u0107 si\u0119 zgodnie z kierunkiem zwiedzania, jak r\u00f3wnie\u017c s\u0142ucha\u0107 polece\u0144 pracownik\u00f3w Parku (elf\u00f3w).\u00a0<\/li>\r\n<li>Po wej\u015bciu na teren Parku Rozrywki, jego opuszczenie zostaje uznane za koniec korzystania z atrakcji (tj. wykorzystanie biletu wst\u0119pu). Ponowne wej\u015bcie na teren Parku Rozrywki jest mo\u017cliwe jedynie po zakupieniu nowego biletu.<\/li>\r\n<li>Zabrania si\u0119 przekazywania biletu wst\u0119pu po wej\u015bciu do Parku Rozrywki osobie trzeciej celem wej\u015bcia przez t\u0119 osob\u0119 do Parku Rozrywki na podstawie przekazanego jej biletu, kt\u00f3ry zosta\u0142 uprzednio wykorzystany do wej\u015bcia do Parku Rozrywki. Taki bilet nie uprawnia osoby trzeciej do wst\u0119pu do Parku Rozrywki.<\/li>\r\n<li>Dzieci do 18 roku \u017cycia przebywaj\u0105ce na terenie Parku Rozrywki powinny znajdowa\u0107 si\u0119 pod sta\u0142\u0105 opiek\u0105 osoby pe\u0142noletniej (np. prawnego opiekuna lub osoby upowa\u017cnionej przez niego w spos\u00f3b prawnie dozwolony; nauczyciela) zobowi\u0105zanej do nadzoru nad tym dzieckiem.<\/li>\r\n<li>Na terenie Parku Rozrywki zabrania si\u0119:<\/li>\r\n<\/ol>\r\n<p>1) palenia tytoniu, z wy\u0142\u0105czeniem specjalnie oznakowanych i przeznaczonych do tego miejsc,<br \/>2) wnoszenia i spo\u017cywania wszelkiego rodzaju napoj\u00f3w alkoholowych,<br \/>3) wynoszenia poza teren Parku Rozrywki jakichkolwiek przedmiot\u00f3w b\u0119d\u0105cych w\u0142asno\u015bci\u0105 Parku Rozrywki,<br \/>4) zanieczyszczania lub za\u015bmiecania Parku Rozrywki,<br \/>5) naruszania lub niszczenia przedmiot\u00f3w nale\u017c\u0105cych do Parku Rozrywki albo innych os\u00f3b,<br \/>6) wchodzenia do pomieszcze\u0144 lub cz\u0119\u015bci pomieszcze\u0144 nie przeznaczonych dla os\u00f3b nieuprawnionych, m.in.: kuchni, pomieszcze\u0144 gospodarczych, biur, szatni personelu, magazyn\u00f3w, zapleczy, itd.),<br \/>7) sprzedawania, reklamowania, akwizycji lub przeprowadzania zbi\u00f3rek pieni\u0119\u017cnych bez zgody w\u0142a\u015bciciela Parku Rozrywki;<br \/>8) naklejania nalepek na terenie parku lub malowania po \u015bcianach;<br \/>9) niszczenia dekoracji znajduj\u0105cych si\u0119 na terenie Parku Rozrywki, jak i zakazane jest korzystanie z nich, oraz innych przedmiot\u00f3w nie stanowi\u0105cych atrakcji Parku Rozrywki,<br \/>10) wprowadzania zwierz\u0105t,<br \/>11) karmienia zwierz\u0105t.<\/p>\r\n<ol start=\"9\">\r\n<li>Do Parku Rozrywki nie zostan\u0105 wpuszczone osoby: nietrze\u017awe, b\u0119d\u0105ce pod wp\u0142ywem narkotyk\u00f3w, \u015brodk\u00f3w psychotropowych lub innych substancji odurzaj\u0105cych, zachowuj\u0105ce si\u0119 agresywnie, itp. Zakaz wst\u0119pu do Parku Rozrywki maj\u0105 r\u00f3wnie\u017c osoby wpisane do rejestru sprawc\u00f3w przest\u0119pstw na tle seksualnym.<\/li>\r\n<li>Osoby wchodz\u0105ce na teren Parku Rozrywki proszone s\u0105 o niepozostawianie swoich rzeczy\/ baga\u017cy w miejscach do tego nieprzeznaczonych.<\/li>\r\n<li>Osoby zak\u0142\u00f3caj\u0105ce porz\u0105dek publiczny lub naruszaj\u0105ce swoim zachowaniem niniejszy regulamin Parku Rozrywki lub og\u00f3lnie przyj\u0119te normy zachowania, b\u0119d\u0105 wypraszane z terenu Parku Rozrywki.\u00a0<\/li>\r\n<li>Osoba przebywaj\u0105ca w Parku Rozrywki ponosi pe\u0142n\u0105 odpowiedzialno\u015b\u0107 materialn\u0105 za wszelkie szkody i zniszczenia mienia powsta\u0142e z jej winy.<\/li>\r\n<li>Park Rozrywki nie ponosi jakiejkolwiek odpowiedzialno\u015bci materialnej za rzeczy zgubione lub pozostawione w Parku Rozrywki, jak r\u00f3wnie\u017c w jego otoczeniu, na parkingu lub w innych miejscach przylegaj\u0105cych do terenu Parku Rozrywki.<\/li>\r\n<li>Park Rozrywki oddaje do dyspozycji swoich Go\u015bci bezp\u0142atny, niestrze\u017cony parking, kt\u00f3ry znajduje si\u0119 na terenie przed budynkiem Zajazdu Rzepicha.<\/li>\r\n<li>Park Rozrywki nie ponosi odpowiedzialno\u015bci za szkody powsta\u0142e wskutek si\u0142y wy\u017cszej, si\u0142 natury, warunk\u00f3w atmosferycznych, wy\u0142\u0105cznej winy poszkodowanego lub osoby trzeciej.<\/li>\r\n<li>Park Rozrywki nie ponosi odpowiedzialno\u015bci za niezawinione przez siebie przerwy w dostawie pr\u0105du, gazu, wody lub innych medi\u00f3w, jak r\u00f3wnie\u017c za wszelkie niedogodno\u015bci jakie wynikn\u0105 z tego tytu\u0142u, a kt\u00f3rych powstanie nie by\u0142o zale\u017cne od dzia\u0142ania b\u0105d\u017a zaniechania Parku Rozrywki.<\/li>\r\n<li>Reklamacje prosimy zg\u0142asza\u0107 bezpo\u015brednio pracownikom Parku lub pisz\u0105c na adres e-mail: mikolaj@swiateczna-kraina.pl\u00a0<\/li>\r\n<li>Niniejszy regulamin wchodzi w \u017cycie z dniem 1 wrze\u015bnia 2024 r. i obowi\u0105zuje wzgl\u0119dem um\u00f3w zawartych od wskazanego powy\u017cej momentu.<\/li>\r\n<\/ol>\r\n<p>&nbsp;<\/p>\r\n<p>&nbsp;<\/p>\r\n<p>&nbsp;<\/p>\r\n<p>&nbsp;<\/p>\r\n<p>&nbsp;<\/p>\r\n<p><strong>Regulamin korzystania z Snowtubing<\/strong><\/p>\r\n<p><strong>\u00a0<\/strong><\/p>\r\n<p>Postanowienia og\u00f3lne:<\/p>\r\n<ol>\r\n<li>Korzystanie z toru odbywa si\u0119 na w\u0142asn\u0105 odpowiedzialno\u015b\u0107.<\/li>\r\n<li>Zakup biletu oznacza akceptacj\u0119 regulaminu.<\/li>\r\n<li>Wszystkich korzystaj\u0105cych obowi\u0105zuje przestrzeganie regulaminu oraz stosowanie si\u0119<\/li>\r\n<\/ol>\r\n<p>do polece\u0144 obs\u0142ugi.<\/p>\r\n<p>&nbsp;<\/p>\r\n<p>Zasady korzystania z toru:<\/p>\r\n<ol>\r\n<li>Do korzystania z toru uprawnione s\u0105 osoby posiadaj\u0105ce wa\u017cny bilet.<\/li>\r\n<li>Z toru mog\u0105 korzysta\u0107 dzieci i osoby doros\u0142e.<\/li>\r\n<li>Dzieci do 16 roku \u017cycia mog\u0105 korzysta\u0107 z atrakcji wy\u0142\u0105cznie za zgod\u0105 i w obecno\u015bci<\/li>\r\n<\/ol>\r\n<p>rodzic\u00f3w lub opiekun\u00f3w. Zalecany jest minimalny wiek korzystaj\u0105cych od 4 roku \u017cycia.<\/p>\r\n<ol start=\"4\">\r\n<li>Z toru mog\u0105 korzysta\u0107 osoby o wadze do 100 kg.<\/li>\r\n<li>Z toru nie mog\u0105 korzysta\u0107 osoby pod wp\u0142ywem alkoholu lub \u015brodk\u00f3w odurzaj\u0105cych.<\/li>\r\n<li>Ka\u017cda d\u0119tka lub ponton przeznaczona jest wy\u0142\u0105cznie dla jednej osoby.<\/li>\r\n<li>Podczas zjazdu nale\u017cy zachowa\u0107 bezpieczny odst\u0119p od innych uczestnik\u00f3w.<\/li>\r\n<li>Po zako\u0144czeniu zjazdu nale\u017cy niezw\u0142ocznie opu\u015bci\u0107 tor i odk\u0142ada\u0107 ponton w wyznaczone miejsce.<\/li>\r\n<li>Pas wci\u0105gaj\u0105cy musi by\u0107 u\u0142o\u017cony w d\u0119tce\/pontonie. Zabrania si\u0119 trzymania pasa w<\/li>\r\n<\/ol>\r\n<p>r\u0119kach podczas jazdy.<\/p>\r\n<p>&nbsp;<\/p>\r\n<p>Uwagi dodatkowe:<\/p>\r\n<ol>\r\n<li>Obs\u0142uga ma prawo odm\u00f3wi\u0107 dalszego korzystania z atrakcji osobom \u0142ami\u0105cym<\/li>\r\n<\/ol>\r\n<p>regulamin.<\/p>\r\n<ol start=\"2\">\r\n<li>W razie zauwa\u017cenia nieprawid\u0142owo\u015bci w dzia\u0142aniu wyci\u0105gu lub toru nale\u017cy natychmiast poinformowa\u0107 obs\u0142ug\u0119.<\/li>\r\n<li>Zjazdy odbywaj\u0105 si\u0119 wy\u0142\u0105cznie w sprzyjaj\u0105cych warunkach pogodowych.<\/li>\r\n<\/ol>\r\n<p>&nbsp;<\/p>\r\n<p>Zabrania si\u0119:<\/p>\r\n<ol>\r\n<li>Korzystania przez osoby nietrze\u017awe lub bez nadzoru opiekuna (w przypadku dzieci).<\/li>\r\n<li>Zje\u017cd\u017cania na sprz\u0119cie innym ni\u017c zapewniony przez obs\u0142ug\u0119.<\/li>\r\n<li>Zatrzymywania si\u0119 i zak\u0142\u00f3cania ruchu innych uczestnik\u00f3w na torze lub wyci\u0105gu.<\/li>\r\n<li>Zjazd\u00f3w grupowych (kilka d\u0119tek jednocze\u015bnie) oraz blokowania toru.<\/li>\r\n<\/ol>\r\n<p>&nbsp;<\/p>\r\n\r\n\r\n","protected":false},"excerpt":{"rendered":"<p>Regulamin &nbsp; CENNIK BILET\u00d3W WST\u0118PU DO PARKU ROZRYWIKI \u015aWI\u0104TECZNA KRAINA W \u0141ubowie \u00a0 Grupy zorganizowane (od poniedzia\u0142ku do pi\u0105tku w terminie 24.11 \u2013 19.12.2025r.) &nbsp; Grupy 31-50 uczestnik\u00f3w 69 z\u0142 \/ osob\u0119. Grupy 21-30 uczestnik\u00f3w 79 z\u0142 \/ osob\u0119. Grupy do 20 uczestnik\u00f3w 1600 z\u0142 \/ grup\u0119. 1 opiekun \/ 10 uczestnik\u00f3w gratis. &nbsp; Rabaty: [&hellip;]<\/p>\n","protected":false},"author":1,"featured_media":0,"parent":0,"menu_order":0,"comment_status":"closed","ping_status":"closed","template":"..\/public\/views\/revslider-page-template.php","meta":{"footnotes":""},"class_list":["post-19644","page","type-page","status-publish","hentry"],"_links":{"self":[{"href":"https:\/\/swiateczna-kraina.pl\/index.php?rest_route=\/wp\/v2\/pages\/19644","targetHints":{"allow":["GET"]}}],"collection":[{"href":"https:\/\/swiateczna-kraina.pl\/index.php?rest_route=\/wp\/v2\/pages"}],"about":[{"href":"https:\/\/swiateczna-kraina.pl\/index.php?rest_route=\/wp\/v2\/types\/page"}],"author":[{"embeddable":true,"href":"https:\/\/swiateczna-kraina.pl\/index.php?rest_route=\/wp\/v2\/users\/1"}],"replies":[{"embeddable":true,"href":"https:\/\/swiateczna-kraina.pl\/index.php?rest_route=%2Fwp%2Fv2%2Fcomments&post=19644"}],"version-history":[{"count":4,"href":"https:\/\/swiateczna-kraina.pl\/index.php?rest_route=\/wp\/v2\/pages\/19644\/revisions"}],"predecessor-version":[{"id":19827,"href":"https:\/\/swiateczna-kraina.pl\/index.php?rest_route=\/wp\/v2\/pages\/19644\/revisions\/19827"}],"wp:attachment":[{"href":"https:\/\/swiateczna-kraina.pl\/index.php?rest_route=%2Fwp%2Fv2%2Fmedia&parent=19644"}],"curies":[{"name":"wp","href":"https:\/\/api.w.org\/{rel}","templated":true}]}}